{"id":5097,"date":"2023-06-19T10:02:26","date_gmt":"2023-06-19T10:02:26","guid":{"rendered":"https:\/\/www.viva-rooms.com\/?page_id=5097"},"modified":"2026-02-18T12:01:53","modified_gmt":"2026-02-18T12:01:53","slug":"pogosta-vprasanja","status":"publish","type":"page","link":"https:\/\/www.viva-rooms.com\/sl\/pogosta-vprasanja\/","title":{"rendered":"Pogosta vpra\u0161anja"},"content":{"rendered":"","protected":false},"excerpt":{"rendered":"<p> [&#8230;]<\/p>\n<p><a class=\"btn btn-secondary understrap-read-more-link\" href=\"https:\/\/www.viva-rooms.com\/sl\/pogosta-vprasanja\/\">Preberi ve\u010d&#8230;<\/a><\/p>\n","protected":false},"author":1,"featured_media":0,"parent":0,"menu_order":0,"comment_status":"closed","ping_status":"closed","template":"page-templates\/content-faq.php","meta":{"_acf_changed":false,"footnotes":""},"class_list":["post-5097","page","type-page","status-publish","hentry"],"acf":[],"yoast_head":"<!-- This site is optimized with the Yoast SEO plugin v27.1.1 - https:\/\/yoast.com\/product\/yoast-seo-wordpress\/ -->\n<title>Pogosta vpra\u0161anja | Viva Rooms, Ljubljana | Burja Hoteli<\/title>\n<meta name=\"description\" content=\"Do\u017eivite dinami\u010dnost Ljubljane iz udobja sob v Viva Rooms, ki se nahajajo le streljaj stran od \u017eivahnega Pre\u0161ernovega trga.\" \/>\n<meta name=\"robots\" content=\"index, follow, max-snippet:-1, max-image-preview:large, max-video-preview:-1\" \/>\n<link rel=\"canonical\" href=\"https:\/\/www.viva-rooms.com\/sl\/pogosta-vprasanja\/\" \/>\n<meta property=\"og:locale\" content=\"sl_SI\" \/>\n<meta property=\"og:type\" content=\"article\" \/>\n<meta property=\"og:title\" content=\"Pogosta vpra\u0161anja | Viva Rooms, Ljubljana | Burja Hoteli\" \/>\n<meta property=\"og:description\" content=\"Do\u017eivite dinami\u010dnost Ljubljane iz udobja sob v Viva Rooms, ki se nahajajo le streljaj stran od \u017eivahnega Pre\u0161ernovega trga.\" \/>\n<meta property=\"og:url\" content=\"https:\/\/www.viva-rooms.com\/sl\/pogosta-vprasanja\/\" \/>\n<meta property=\"og:site_name\" content=\"Viva Rooms\" \/>\n<meta property=\"article:modified_time\" content=\"2026-02-18T12:01:53+00:00\" \/>\n<meta name=\"twitter:card\" content=\"summary_large_image\" \/>\n<script type=\"application\/ld+json\" class=\"yoast-schema-graph\">{\"@context\":\"https:\/\/schema.org\",\"@graph\":[{\"@type\":\"WebPage\",\"@id\":\"https:\/\/www.viva-rooms.com\/sl\/pogosta-vprasanja\/\",\"url\":\"https:\/\/www.viva-rooms.com\/sl\/pogosta-vprasanja\/\",\"name\":\"Pogosta vpra\u0161anja | Viva Rooms, Ljubljana | Burja Hoteli\",\"isPartOf\":{\"@id\":\"https:\/\/www.viva-rooms.com\/#website\"},\"datePublished\":\"2023-06-19T10:02:26+00:00\",\"dateModified\":\"2026-02-18T12:01:53+00:00\",\"description\":\"Do\u017eivite dinami\u010dnost Ljubljane iz udobja sob v Viva Rooms, ki se nahajajo le streljaj stran od \u017eivahnega Pre\u0161ernovega trga.\",\"breadcrumb\":{\"@id\":\"https:\/\/www.viva-rooms.com\/sl\/pogosta-vprasanja\/#breadcrumb\"},\"inLanguage\":\"sl-SI\",\"potentialAction\":[{\"@type\":\"ReadAction\",\"target\":[\"https:\/\/www.viva-rooms.com\/sl\/pogosta-vprasanja\/\"]}]},{\"@type\":\"BreadcrumbList\",\"@id\":\"https:\/\/www.viva-rooms.com\/sl\/pogosta-vprasanja\/#breadcrumb\",\"itemListElement\":[{\"@type\":\"ListItem\",\"position\":1,\"name\":\"Home\",\"item\":\"https:\/\/www.viva-rooms.com\/sl\/home\/\"},{\"@type\":\"ListItem\",\"position\":2,\"name\":\"Pogosta vpra\u0161anja\"}]},{\"@type\":\"WebSite\",\"@id\":\"https:\/\/www.viva-rooms.com\/#website\",\"url\":\"https:\/\/www.viva-rooms.com\/\",\"name\":\"Viva Rooms\",\"description\":\"Viva Rooms\",\"publisher\":{\"@id\":\"https:\/\/www.viva-rooms.com\/#organization\"},\"potentialAction\":[{\"@type\":\"SearchAction\",\"target\":{\"@type\":\"EntryPoint\",\"urlTemplate\":\"https:\/\/www.viva-rooms.com\/?s={search_term_string}\"},\"query-input\":{\"@type\":\"PropertyValueSpecification\",\"valueRequired\":true,\"valueName\":\"search_term_string\"}}],\"inLanguage\":\"sl-SI\"},{\"@type\":\"Organization\",\"@id\":\"https:\/\/www.viva-rooms.com\/#organization\",\"name\":\"Burja Hoteli\",\"url\":\"https:\/\/www.viva-rooms.com\/\",\"logo\":{\"@type\":\"ImageObject\",\"inLanguage\":\"sl-SI\",\"@id\":\"https:\/\/www.viva-rooms.com\/#\/schema\/logo\/image\/\",\"url\":\"https:\/\/www.viva-rooms.com\/wp-content\/uploads\/sites\/7\/2021\/12\/viva_rooms_standard.svg\",\"contentUrl\":\"https:\/\/www.viva-rooms.com\/wp-content\/uploads\/sites\/7\/2021\/12\/viva_rooms_standard.svg\",\"width\":1,\"height\":1,\"caption\":\"Burja Hoteli\"},\"image\":{\"@id\":\"https:\/\/www.viva-rooms.com\/#\/schema\/logo\/image\/\"}}]}<\/script>\n<!-- \/ Yoast SEO plugin. -->","yoast_head_json":{"title":"Pogosta vpra\u0161anja | Viva Rooms, Ljubljana | Burja Hoteli","description":"Do\u017eivite dinami\u010dnost Ljubljane iz udobja sob v Viva Rooms, ki se nahajajo le streljaj stran od \u017eivahnega Pre\u0161ernovega trga.","robots":{"index":"index","follow":"follow","max-snippet":"max-snippet:-1","max-image-preview":"max-image-preview:large","max-video-preview":"max-video-preview:-1"},"canonical":"https:\/\/www.viva-rooms.com\/sl\/pogosta-vprasanja\/","og_locale":"sl_SI","og_type":"article","og_title":"Pogosta vpra\u0161anja | Viva Rooms, Ljubljana | Burja Hoteli","og_description":"Do\u017eivite dinami\u010dnost Ljubljane iz udobja sob v Viva Rooms, ki se nahajajo le streljaj stran od \u017eivahnega Pre\u0161ernovega trga.","og_url":"https:\/\/www.viva-rooms.com\/sl\/pogosta-vprasanja\/","og_site_name":"Viva Rooms","article_modified_time":"2026-02-18T12:01:53+00:00","twitter_card":"summary_large_image","schema":{"@context":"https:\/\/schema.org","@graph":[{"@type":"WebPage","@id":"https:\/\/www.viva-rooms.com\/sl\/pogosta-vprasanja\/","url":"https:\/\/www.viva-rooms.com\/sl\/pogosta-vprasanja\/","name":"Pogosta vpra\u0161anja | Viva Rooms, Ljubljana | Burja Hoteli","isPartOf":{"@id":"https:\/\/www.viva-rooms.com\/#website"},"datePublished":"2023-06-19T10:02:26+00:00","dateModified":"2026-02-18T12:01:53+00:00","description":"Do\u017eivite dinami\u010dnost Ljubljane iz udobja sob v Viva Rooms, ki se nahajajo le streljaj stran od \u017eivahnega Pre\u0161ernovega trga.","breadcrumb":{"@id":"https:\/\/www.viva-rooms.com\/sl\/pogosta-vprasanja\/#breadcrumb"},"inLanguage":"sl-SI","potentialAction":[{"@type":"ReadAction","target":["https:\/\/www.viva-rooms.com\/sl\/pogosta-vprasanja\/"]}]},{"@type":"BreadcrumbList","@id":"https:\/\/www.viva-rooms.com\/sl\/pogosta-vprasanja\/#breadcrumb","itemListElement":[{"@type":"ListItem","position":1,"name":"Home","item":"https:\/\/www.viva-rooms.com\/sl\/home\/"},{"@type":"ListItem","position":2,"name":"Pogosta vpra\u0161anja"}]},{"@type":"WebSite","@id":"https:\/\/www.viva-rooms.com\/#website","url":"https:\/\/www.viva-rooms.com\/","name":"Viva Rooms","description":"Viva Rooms","publisher":{"@id":"https:\/\/www.viva-rooms.com\/#organization"},"potentialAction":[{"@type":"SearchAction","target":{"@type":"EntryPoint","urlTemplate":"https:\/\/www.viva-rooms.com\/?s={search_term_string}"},"query-input":{"@type":"PropertyValueSpecification","valueRequired":true,"valueName":"search_term_string"}}],"inLanguage":"sl-SI"},{"@type":"Organization","@id":"https:\/\/www.viva-rooms.com\/#organization","name":"Burja Hoteli","url":"https:\/\/www.viva-rooms.com\/","logo":{"@type":"ImageObject","inLanguage":"sl-SI","@id":"https:\/\/www.viva-rooms.com\/#\/schema\/logo\/image\/","url":"https:\/\/www.viva-rooms.com\/wp-content\/uploads\/sites\/7\/2021\/12\/viva_rooms_standard.svg","contentUrl":"https:\/\/www.viva-rooms.com\/wp-content\/uploads\/sites\/7\/2021\/12\/viva_rooms_standard.svg","width":1,"height":1,"caption":"Burja Hoteli"},"image":{"@id":"https:\/\/www.viva-rooms.com\/#\/schema\/logo\/image\/"}}]}},"_links":{"self":[{"href":"https:\/\/www.viva-rooms.com\/sl\/wp-json\/wp\/v2\/pages\/5097","targetHints":{"allow":["GET"]}}],"collection":[{"href":"https:\/\/www.viva-rooms.com\/sl\/wp-json\/wp\/v2\/pages"}],"about":[{"href":"https:\/\/www.viva-rooms.com\/sl\/wp-json\/wp\/v2\/types\/page"}],"author":[{"embeddable":true,"href":"https:\/\/www.viva-rooms.com\/sl\/wp-json\/wp\/v2\/users\/1"}],"replies":[{"embeddable":true,"href":"https:\/\/www.viva-rooms.com\/sl\/wp-json\/wp\/v2\/comments?post=5097"}],"version-history":[{"count":17,"href":"https:\/\/www.viva-rooms.com\/sl\/wp-json\/wp\/v2\/pages\/5097\/revisions"}],"predecessor-version":[{"id":5636,"href":"https:\/\/www.viva-rooms.com\/sl\/wp-json\/wp\/v2\/pages\/5097\/revisions\/5636"}],"wp:attachment":[{"href":"https:\/\/www.viva-rooms.com\/sl\/wp-json\/wp\/v2\/media?parent=5097"}],"curies":[{"name":"wp","href":"https:\/\/api.w.org\/{rel}","templated":true}]}}