{"id":3430,"date":"2020-09-29T09:23:52","date_gmt":"2020-09-29T09:23:52","guid":{"rendered":"https:\/\/viva.burja.git.sprd.digital\/our-properties\/"},"modified":"2025-11-10T18:39:16","modified_gmt":"2025-11-10T18:39:16","slug":"burja-hoteli","status":"publish","type":"page","link":"https:\/\/www.viva-rooms.com\/sl\/burja-hoteli\/","title":{"rendered":"Burja Hoteli"},"content":{"rendered":"","protected":false},"excerpt":{"rendered":"<p> [&#8230;]<\/p>\n<p><a class=\"btn btn-secondary understrap-read-more-link\" href=\"https:\/\/www.viva-rooms.com\/sl\/burja-hoteli\/\">Preberi ve\u010d&#8230;<\/a><\/p>\n","protected":false},"author":1,"featured_media":4586,"parent":0,"menu_order":0,"comment_status":"closed","ping_status":"closed","template":"page-templates\/content-our-properties.php","meta":{"_acf_changed":false,"footnotes":""},"class_list":["post-3430","page","type-page","status-publish","has-post-thumbnail","hentry"],"acf":[],"yoast_head":"<!-- This site is optimized with the Yoast SEO plugin v27.1.1 - https:\/\/yoast.com\/product\/yoast-seo-wordpress\/ -->\n<title>Burja Hoteli vas vabijo na popoln oddih v Sloveniji | Viva Rooms<\/title>\n<meta name=\"description\" content=\"Odkrijte skrite bisere Slovenije s kolekcijo izjemnih nastanitev Burja Hotelov na najlep\u0161ih lokacijah na\u0161e de\u017eele.\" \/>\n<meta name=\"robots\" content=\"index, follow, max-snippet:-1, max-image-preview:large, max-video-preview:-1\" \/>\n<link rel=\"canonical\" href=\"https:\/\/www.viva-rooms.com\/sl\/burja-hoteli\/\" \/>\n<meta property=\"og:locale\" content=\"sl_SI\" \/>\n<meta property=\"og:type\" content=\"article\" \/>\n<meta property=\"og:title\" content=\"Burja Hoteli | Buti\u010dne nastanitve v Sloveniji | Viva Rooms\" \/>\n<meta property=\"og:description\" content=\"Burja Hoteli ponujajo kolekcijo buti\u010dnih nastanitev v Sloveniji. Pridru\u017eite se nam in do\u017eivite Ljubjano, Bled in Piran skozi na\u0161e gostoljubje.\" \/>\n<meta property=\"og:url\" content=\"https:\/\/www.viva-rooms.com\/sl\/burja-hoteli\/\" \/>\n<meta property=\"og:site_name\" content=\"Viva Rooms\" \/>\n<meta property=\"article:modified_time\" content=\"2025-11-10T18:39:16+00:00\" \/>\n<meta property=\"og:image\" content=\"https:\/\/www.viva-rooms.com\/wp-content\/uploads\/sites\/7\/2023\/02\/WEB-VIVA_ROOMS-BURJA_HOTELS-HERO_DESKTOP-01.jpg\" \/>\n\t<meta property=\"og:image:width\" content=\"2000\" \/>\n\t<meta property=\"og:image:height\" content=\"1000\" \/>\n\t<meta property=\"og:image:type\" content=\"image\/jpeg\" \/>\n<meta name=\"twitter:card\" content=\"summary_large_image\" \/>\n<meta name=\"twitter:title\" content=\"Burja Hoteli | Buti\u010dne nastanitve v Sloveniji | Viva Rooms\" \/>\n<meta name=\"twitter:description\" content=\"Burja Hoteli ponujajo kolekcijo buti\u010dnih nastanitev v Sloveniji. Pridru\u017eite se nam in do\u017eivite Ljubjano, Bled in Piran skozi na\u0161e gostoljubje.\" \/>\n<meta name=\"twitter:image\" content=\"https:\/\/www.viva-rooms.com\/wp-content\/uploads\/sites\/7\/2023\/02\/WEB-VIVA_ROOMS-BURJA_HOTELS-HERO_DESKTOP-01.jpg\" \/>\n<meta name=\"twitter:label1\" content=\"Est. reading time\" \/>\n\t<meta name=\"twitter:data1\" content=\"1 minuta\" \/>\n<script type=\"application\/ld+json\" class=\"yoast-schema-graph\">{\"@context\":\"https:\/\/schema.org\",\"@graph\":[{\"@type\":\"WebPage\",\"@id\":\"https:\/\/www.viva-rooms.com\/sl\/burja-hoteli\/\",\"url\":\"https:\/\/www.viva-rooms.com\/sl\/burja-hoteli\/\",\"name\":\"Burja Hoteli vas vabijo na popoln oddih v Sloveniji | Viva Rooms\",\"isPartOf\":{\"@id\":\"https:\/\/www.viva-rooms.com\/#website\"},\"primaryImageOfPage\":{\"@id\":\"https:\/\/www.viva-rooms.com\/sl\/burja-hoteli\/#primaryimage\"},\"image\":{\"@id\":\"https:\/\/www.viva-rooms.com\/sl\/burja-hoteli\/#primaryimage\"},\"thumbnailUrl\":\"https:\/\/www.viva-rooms.com\/wp-content\/uploads\/sites\/7\/2023\/02\/WEB-VIVA_ROOMS-BURJA_HOTELS-HERO_DESKTOP-01.jpg\",\"datePublished\":\"2020-09-29T09:23:52+00:00\",\"dateModified\":\"2025-11-10T18:39:16+00:00\",\"description\":\"Odkrijte skrite bisere Slovenije s kolekcijo izjemnih nastanitev Burja Hotelov na najlep\u0161ih lokacijah na\u0161e de\u017eele.\",\"breadcrumb\":{\"@id\":\"https:\/\/www.viva-rooms.com\/sl\/burja-hoteli\/#breadcrumb\"},\"inLanguage\":\"sl-SI\",\"potentialAction\":[{\"@type\":\"ReadAction\",\"target\":[\"https:\/\/www.viva-rooms.com\/sl\/burja-hoteli\/\"]}]},{\"@type\":\"ImageObject\",\"inLanguage\":\"sl-SI\",\"@id\":\"https:\/\/www.viva-rooms.com\/sl\/burja-hoteli\/#primaryimage\",\"url\":\"https:\/\/www.viva-rooms.com\/wp-content\/uploads\/sites\/7\/2023\/02\/WEB-VIVA_ROOMS-BURJA_HOTELS-HERO_DESKTOP-01.jpg\",\"contentUrl\":\"https:\/\/www.viva-rooms.com\/wp-content\/uploads\/sites\/7\/2023\/02\/WEB-VIVA_ROOMS-BURJA_HOTELS-HERO_DESKTOP-01.jpg\",\"width\":2000,\"height\":1000},{\"@type\":\"BreadcrumbList\",\"@id\":\"https:\/\/www.viva-rooms.com\/sl\/burja-hoteli\/#breadcrumb\",\"itemListElement\":[{\"@type\":\"ListItem\",\"position\":1,\"name\":\"Home\",\"item\":\"https:\/\/www.viva-rooms.com\/sl\/home\/\"},{\"@type\":\"ListItem\",\"position\":2,\"name\":\"Burja Hoteli\"}]},{\"@type\":\"WebSite\",\"@id\":\"https:\/\/www.viva-rooms.com\/#website\",\"url\":\"https:\/\/www.viva-rooms.com\/\",\"name\":\"Viva Rooms\",\"description\":\"Viva Rooms\",\"publisher\":{\"@id\":\"https:\/\/www.viva-rooms.com\/#organization\"},\"potentialAction\":[{\"@type\":\"SearchAction\",\"target\":{\"@type\":\"EntryPoint\",\"urlTemplate\":\"https:\/\/www.viva-rooms.com\/?s={search_term_string}\"},\"query-input\":{\"@type\":\"PropertyValueSpecification\",\"valueRequired\":true,\"valueName\":\"search_term_string\"}}],\"inLanguage\":\"sl-SI\"},{\"@type\":\"Organization\",\"@id\":\"https:\/\/www.viva-rooms.com\/#organization\",\"name\":\"Burja Hoteli\",\"url\":\"https:\/\/www.viva-rooms.com\/\",\"logo\":{\"@type\":\"ImageObject\",\"inLanguage\":\"sl-SI\",\"@id\":\"https:\/\/www.viva-rooms.com\/#\/schema\/logo\/image\/\",\"url\":\"https:\/\/www.viva-rooms.com\/wp-content\/uploads\/sites\/7\/2021\/12\/viva_rooms_standard.svg\",\"contentUrl\":\"https:\/\/www.viva-rooms.com\/wp-content\/uploads\/sites\/7\/2021\/12\/viva_rooms_standard.svg\",\"width\":1,\"height\":1,\"caption\":\"Burja Hoteli\"},\"image\":{\"@id\":\"https:\/\/www.viva-rooms.com\/#\/schema\/logo\/image\/\"}}]}<\/script>\n<!-- \/ Yoast SEO plugin. -->","yoast_head_json":{"title":"Burja Hoteli vas vabijo na popoln oddih v Sloveniji | Viva Rooms","description":"Odkrijte skrite bisere Slovenije s kolekcijo izjemnih nastanitev Burja Hotelov na najlep\u0161ih lokacijah na\u0161e de\u017eele.","robots":{"index":"index","follow":"follow","max-snippet":"max-snippet:-1","max-image-preview":"max-image-preview:large","max-video-preview":"max-video-preview:-1"},"canonical":"https:\/\/www.viva-rooms.com\/sl\/burja-hoteli\/","og_locale":"sl_SI","og_type":"article","og_title":"Burja Hoteli | Buti\u010dne nastanitve v Sloveniji | Viva Rooms","og_description":"Burja Hoteli ponujajo kolekcijo buti\u010dnih nastanitev v Sloveniji. Pridru\u017eite se nam in do\u017eivite Ljubjano, Bled in Piran skozi na\u0161e gostoljubje.","og_url":"https:\/\/www.viva-rooms.com\/sl\/burja-hoteli\/","og_site_name":"Viva Rooms","article_modified_time":"2025-11-10T18:39:16+00:00","og_image":[{"width":2000,"height":1000,"url":"https:\/\/www.viva-rooms.com\/wp-content\/uploads\/sites\/7\/2023\/02\/WEB-VIVA_ROOMS-BURJA_HOTELS-HERO_DESKTOP-01.jpg","type":"image\/jpeg"}],"twitter_card":"summary_large_image","twitter_title":"Burja Hoteli | Buti\u010dne nastanitve v Sloveniji | Viva Rooms","twitter_description":"Burja Hoteli ponujajo kolekcijo buti\u010dnih nastanitev v Sloveniji. Pridru\u017eite se nam in do\u017eivite Ljubjano, Bled in Piran skozi na\u0161e gostoljubje.","twitter_image":"https:\/\/www.viva-rooms.com\/wp-content\/uploads\/sites\/7\/2023\/02\/WEB-VIVA_ROOMS-BURJA_HOTELS-HERO_DESKTOP-01.jpg","twitter_misc":{"Est. reading time":"1 minuta"},"schema":{"@context":"https:\/\/schema.org","@graph":[{"@type":"WebPage","@id":"https:\/\/www.viva-rooms.com\/sl\/burja-hoteli\/","url":"https:\/\/www.viva-rooms.com\/sl\/burja-hoteli\/","name":"Burja Hoteli vas vabijo na popoln oddih v Sloveniji | Viva Rooms","isPartOf":{"@id":"https:\/\/www.viva-rooms.com\/#website"},"primaryImageOfPage":{"@id":"https:\/\/www.viva-rooms.com\/sl\/burja-hoteli\/#primaryimage"},"image":{"@id":"https:\/\/www.viva-rooms.com\/sl\/burja-hoteli\/#primaryimage"},"thumbnailUrl":"https:\/\/www.viva-rooms.com\/wp-content\/uploads\/sites\/7\/2023\/02\/WEB-VIVA_ROOMS-BURJA_HOTELS-HERO_DESKTOP-01.jpg","datePublished":"2020-09-29T09:23:52+00:00","dateModified":"2025-11-10T18:39:16+00:00","description":"Odkrijte skrite bisere Slovenije s kolekcijo izjemnih nastanitev Burja Hotelov na najlep\u0161ih lokacijah na\u0161e de\u017eele.","breadcrumb":{"@id":"https:\/\/www.viva-rooms.com\/sl\/burja-hoteli\/#breadcrumb"},"inLanguage":"sl-SI","potentialAction":[{"@type":"ReadAction","target":["https:\/\/www.viva-rooms.com\/sl\/burja-hoteli\/"]}]},{"@type":"ImageObject","inLanguage":"sl-SI","@id":"https:\/\/www.viva-rooms.com\/sl\/burja-hoteli\/#primaryimage","url":"https:\/\/www.viva-rooms.com\/wp-content\/uploads\/sites\/7\/2023\/02\/WEB-VIVA_ROOMS-BURJA_HOTELS-HERO_DESKTOP-01.jpg","contentUrl":"https:\/\/www.viva-rooms.com\/wp-content\/uploads\/sites\/7\/2023\/02\/WEB-VIVA_ROOMS-BURJA_HOTELS-HERO_DESKTOP-01.jpg","width":2000,"height":1000},{"@type":"BreadcrumbList","@id":"https:\/\/www.viva-rooms.com\/sl\/burja-hoteli\/#breadcrumb","itemListElement":[{"@type":"ListItem","position":1,"name":"Home","item":"https:\/\/www.viva-rooms.com\/sl\/home\/"},{"@type":"ListItem","position":2,"name":"Burja Hoteli"}]},{"@type":"WebSite","@id":"https:\/\/www.viva-rooms.com\/#website","url":"https:\/\/www.viva-rooms.com\/","name":"Viva Rooms","description":"Viva Rooms","publisher":{"@id":"https:\/\/www.viva-rooms.com\/#organization"},"potentialAction":[{"@type":"SearchAction","target":{"@type":"EntryPoint","urlTemplate":"https:\/\/www.viva-rooms.com\/?s={search_term_string}"},"query-input":{"@type":"PropertyValueSpecification","valueRequired":true,"valueName":"search_term_string"}}],"inLanguage":"sl-SI"},{"@type":"Organization","@id":"https:\/\/www.viva-rooms.com\/#organization","name":"Burja Hoteli","url":"https:\/\/www.viva-rooms.com\/","logo":{"@type":"ImageObject","inLanguage":"sl-SI","@id":"https:\/\/www.viva-rooms.com\/#\/schema\/logo\/image\/","url":"https:\/\/www.viva-rooms.com\/wp-content\/uploads\/sites\/7\/2021\/12\/viva_rooms_standard.svg","contentUrl":"https:\/\/www.viva-rooms.com\/wp-content\/uploads\/sites\/7\/2021\/12\/viva_rooms_standard.svg","width":1,"height":1,"caption":"Burja Hoteli"},"image":{"@id":"https:\/\/www.viva-rooms.com\/#\/schema\/logo\/image\/"}}]}},"_links":{"self":[{"href":"https:\/\/www.viva-rooms.com\/sl\/wp-json\/wp\/v2\/pages\/3430","targetHints":{"allow":["GET"]}}],"collection":[{"href":"https:\/\/www.viva-rooms.com\/sl\/wp-json\/wp\/v2\/pages"}],"about":[{"href":"https:\/\/www.viva-rooms.com\/sl\/wp-json\/wp\/v2\/types\/page"}],"author":[{"embeddable":true,"href":"https:\/\/www.viva-rooms.com\/sl\/wp-json\/wp\/v2\/users\/1"}],"replies":[{"embeddable":true,"href":"https:\/\/www.viva-rooms.com\/sl\/wp-json\/wp\/v2\/comments?post=3430"}],"version-history":[{"count":13,"href":"https:\/\/www.viva-rooms.com\/sl\/wp-json\/wp\/v2\/pages\/3430\/revisions"}],"predecessor-version":[{"id":5519,"href":"https:\/\/www.viva-rooms.com\/sl\/wp-json\/wp\/v2\/pages\/3430\/revisions\/5519"}],"wp:featuredmedia":[{"embeddable":true,"href":"https:\/\/www.viva-rooms.com\/sl\/wp-json\/wp\/v2\/media\/4586"}],"wp:attachment":[{"href":"https:\/\/www.viva-rooms.com\/sl\/wp-json\/wp\/v2\/media?parent=3430"}],"curies":[{"name":"wp","href":"https:\/\/api.w.org\/{rel}","templated":true}]}}