{"id":3409,"date":"2020-10-21T07:43:29","date_gmt":"2020-10-21T07:43:29","guid":{"rendered":"https:\/\/viva.burja.git.sprd.digital\/house-rules-and-policies\/"},"modified":"2026-04-05T11:44:57","modified_gmt":"2026-04-05T11:44:57","slug":"pravila-in-pogoji-rezervacije","status":"publish","type":"page","link":"https:\/\/www.viva-rooms.com\/sl\/pravila-in-pogoji-rezervacije\/","title":{"rendered":"Pravila in pogoji rezervacije"},"content":{"rendered":"","protected":false},"excerpt":{"rendered":"<p> [&#8230;]<\/p>\n<p><a class=\"btn btn-secondary understrap-read-more-link\" href=\"https:\/\/www.viva-rooms.com\/sl\/pravila-in-pogoji-rezervacije\/\">Preberi ve\u010d&#8230;<\/a><\/p>\n","protected":false},"author":1,"featured_media":4536,"parent":0,"menu_order":0,"comment_status":"closed","ping_status":"closed","template":"page-templates\/content-general-page.php","meta":{"_acf_changed":false,"footnotes":""},"class_list":["post-3409","page","type-page","status-publish","has-post-thumbnail","hentry"],"acf":[],"yoast_head":"<!-- This site is optimized with the Yoast SEO plugin v27.1.1 - https:\/\/yoast.com\/product\/yoast-seo-wordpress\/ -->\n<title>Pravila in pogoji rezervacije | Viva Rooms | Burja Hotels<\/title>\n<meta name=\"description\" content=\"Pravila in pogoje rezervacije smo vzpostavili, da bi spodbudili ozave\u0161\u010denost in varnost na\u0161ih gostov ter njihovo prijetno izku\u0161njo.\" \/>\n<meta name=\"robots\" content=\"index, follow, max-snippet:-1, max-image-preview:large, max-video-preview:-1\" \/>\n<link rel=\"canonical\" href=\"https:\/\/www.viva-rooms.com\/sl\/pravila-in-pogoji-rezervacije\/\" \/>\n<meta property=\"og:locale\" content=\"sl_SI\" \/>\n<meta property=\"og:type\" content=\"article\" \/>\n<meta property=\"og:title\" content=\"Pravila in pogoji rezervacije | Viva Rooms | Burja Hotels\" \/>\n<meta property=\"og:description\" content=\"Pravila in pogoje rezervacije smo vzpostavili, da bi spodbudili ozave\u0161\u010denost in varnost na\u0161ih gostov ter njihovo prijetno izku\u0161njo.\" \/>\n<meta property=\"og:url\" content=\"https:\/\/www.viva-rooms.com\/sl\/pravila-in-pogoji-rezervacije\/\" \/>\n<meta property=\"og:site_name\" content=\"Viva Rooms\" \/>\n<meta property=\"article:modified_time\" content=\"2026-04-05T11:44:57+00:00\" \/>\n<meta property=\"og:image\" content=\"https:\/\/www.viva-rooms.com\/wp-content\/uploads\/sites\/7\/2023\/02\/WEB-VIVA_ROOMS-HOME-HERO_DESKTOP-01.jpg\" \/>\n\t<meta property=\"og:image:width\" content=\"2000\" \/>\n\t<meta property=\"og:image:height\" content=\"1000\" \/>\n\t<meta property=\"og:image:type\" content=\"image\/jpeg\" \/>\n<meta name=\"twitter:card\" content=\"summary_large_image\" \/>\n<meta name=\"twitter:label1\" content=\"Est. reading time\" \/>\n\t<meta name=\"twitter:data1\" content=\"1 minuta\" \/>\n<script type=\"application\/ld+json\" class=\"yoast-schema-graph\">{\"@context\":\"https:\/\/schema.org\",\"@graph\":[{\"@type\":\"WebPage\",\"@id\":\"https:\/\/www.viva-rooms.com\/sl\/pravila-in-pogoji-rezervacije\/\",\"url\":\"https:\/\/www.viva-rooms.com\/sl\/pravila-in-pogoji-rezervacije\/\",\"name\":\"Pravila in pogoji rezervacije | Viva Rooms | Burja Hotels\",\"isPartOf\":{\"@id\":\"https:\/\/www.viva-rooms.com\/#website\"},\"primaryImageOfPage\":{\"@id\":\"https:\/\/www.viva-rooms.com\/sl\/pravila-in-pogoji-rezervacije\/#primaryimage\"},\"image\":{\"@id\":\"https:\/\/www.viva-rooms.com\/sl\/pravila-in-pogoji-rezervacije\/#primaryimage\"},\"thumbnailUrl\":\"https:\/\/www.viva-rooms.com\/wp-content\/uploads\/sites\/7\/2023\/02\/WEB-VIVA_ROOMS-HOME-HERO_DESKTOP-01.jpg\",\"datePublished\":\"2020-10-21T07:43:29+00:00\",\"dateModified\":\"2026-04-05T11:44:57+00:00\",\"description\":\"Pravila in pogoje rezervacije smo vzpostavili, da bi spodbudili ozave\u0161\u010denost in varnost na\u0161ih gostov ter njihovo prijetno izku\u0161njo.\",\"breadcrumb\":{\"@id\":\"https:\/\/www.viva-rooms.com\/sl\/pravila-in-pogoji-rezervacije\/#breadcrumb\"},\"inLanguage\":\"sl-SI\",\"potentialAction\":[{\"@type\":\"ReadAction\",\"target\":[\"https:\/\/www.viva-rooms.com\/sl\/pravila-in-pogoji-rezervacije\/\"]}]},{\"@type\":\"ImageObject\",\"inLanguage\":\"sl-SI\",\"@id\":\"https:\/\/www.viva-rooms.com\/sl\/pravila-in-pogoji-rezervacije\/#primaryimage\",\"url\":\"https:\/\/www.viva-rooms.com\/wp-content\/uploads\/sites\/7\/2023\/02\/WEB-VIVA_ROOMS-HOME-HERO_DESKTOP-01.jpg\",\"contentUrl\":\"https:\/\/www.viva-rooms.com\/wp-content\/uploads\/sites\/7\/2023\/02\/WEB-VIVA_ROOMS-HOME-HERO_DESKTOP-01.jpg\",\"width\":2000,\"height\":1000},{\"@type\":\"BreadcrumbList\",\"@id\":\"https:\/\/www.viva-rooms.com\/sl\/pravila-in-pogoji-rezervacije\/#breadcrumb\",\"itemListElement\":[{\"@type\":\"ListItem\",\"position\":1,\"name\":\"Home\",\"item\":\"https:\/\/www.viva-rooms.com\/sl\/home\/\"},{\"@type\":\"ListItem\",\"position\":2,\"name\":\"Pravila in pogoji rezervacije\"}]},{\"@type\":\"WebSite\",\"@id\":\"https:\/\/www.viva-rooms.com\/#website\",\"url\":\"https:\/\/www.viva-rooms.com\/\",\"name\":\"Viva Rooms\",\"description\":\"Viva Rooms\",\"publisher\":{\"@id\":\"https:\/\/www.viva-rooms.com\/#organization\"},\"potentialAction\":[{\"@type\":\"SearchAction\",\"target\":{\"@type\":\"EntryPoint\",\"urlTemplate\":\"https:\/\/www.viva-rooms.com\/?s={search_term_string}\"},\"query-input\":{\"@type\":\"PropertyValueSpecification\",\"valueRequired\":true,\"valueName\":\"search_term_string\"}}],\"inLanguage\":\"sl-SI\"},{\"@type\":\"Organization\",\"@id\":\"https:\/\/www.viva-rooms.com\/#organization\",\"name\":\"Burja Hoteli\",\"url\":\"https:\/\/www.viva-rooms.com\/\",\"logo\":{\"@type\":\"ImageObject\",\"inLanguage\":\"sl-SI\",\"@id\":\"https:\/\/www.viva-rooms.com\/#\/schema\/logo\/image\/\",\"url\":\"https:\/\/www.viva-rooms.com\/wp-content\/uploads\/sites\/7\/2021\/12\/viva_rooms_standard.svg\",\"contentUrl\":\"https:\/\/www.viva-rooms.com\/wp-content\/uploads\/sites\/7\/2021\/12\/viva_rooms_standard.svg\",\"width\":1,\"height\":1,\"caption\":\"Burja Hoteli\"},\"image\":{\"@id\":\"https:\/\/www.viva-rooms.com\/#\/schema\/logo\/image\/\"}}]}<\/script>\n<!-- \/ Yoast SEO plugin. -->","yoast_head_json":{"title":"Pravila in pogoji rezervacije | Viva Rooms | Burja Hotels","description":"Pravila in pogoje rezervacije smo vzpostavili, da bi spodbudili ozave\u0161\u010denost in varnost na\u0161ih gostov ter njihovo prijetno izku\u0161njo.","robots":{"index":"index","follow":"follow","max-snippet":"max-snippet:-1","max-image-preview":"max-image-preview:large","max-video-preview":"max-video-preview:-1"},"canonical":"https:\/\/www.viva-rooms.com\/sl\/pravila-in-pogoji-rezervacije\/","og_locale":"sl_SI","og_type":"article","og_title":"Pravila in pogoji rezervacije | Viva Rooms | Burja Hotels","og_description":"Pravila in pogoje rezervacije smo vzpostavili, da bi spodbudili ozave\u0161\u010denost in varnost na\u0161ih gostov ter njihovo prijetno izku\u0161njo.","og_url":"https:\/\/www.viva-rooms.com\/sl\/pravila-in-pogoji-rezervacije\/","og_site_name":"Viva Rooms","article_modified_time":"2026-04-05T11:44:57+00:00","og_image":[{"width":2000,"height":1000,"url":"https:\/\/www.viva-rooms.com\/wp-content\/uploads\/sites\/7\/2023\/02\/WEB-VIVA_ROOMS-HOME-HERO_DESKTOP-01.jpg","type":"image\/jpeg"}],"twitter_card":"summary_large_image","twitter_misc":{"Est. reading time":"1 minuta"},"schema":{"@context":"https:\/\/schema.org","@graph":[{"@type":"WebPage","@id":"https:\/\/www.viva-rooms.com\/sl\/pravila-in-pogoji-rezervacije\/","url":"https:\/\/www.viva-rooms.com\/sl\/pravila-in-pogoji-rezervacije\/","name":"Pravila in pogoji rezervacije | Viva Rooms | Burja Hotels","isPartOf":{"@id":"https:\/\/www.viva-rooms.com\/#website"},"primaryImageOfPage":{"@id":"https:\/\/www.viva-rooms.com\/sl\/pravila-in-pogoji-rezervacije\/#primaryimage"},"image":{"@id":"https:\/\/www.viva-rooms.com\/sl\/pravila-in-pogoji-rezervacije\/#primaryimage"},"thumbnailUrl":"https:\/\/www.viva-rooms.com\/wp-content\/uploads\/sites\/7\/2023\/02\/WEB-VIVA_ROOMS-HOME-HERO_DESKTOP-01.jpg","datePublished":"2020-10-21T07:43:29+00:00","dateModified":"2026-04-05T11:44:57+00:00","description":"Pravila in pogoje rezervacije smo vzpostavili, da bi spodbudili ozave\u0161\u010denost in varnost na\u0161ih gostov ter njihovo prijetno izku\u0161njo.","breadcrumb":{"@id":"https:\/\/www.viva-rooms.com\/sl\/pravila-in-pogoji-rezervacije\/#breadcrumb"},"inLanguage":"sl-SI","potentialAction":[{"@type":"ReadAction","target":["https:\/\/www.viva-rooms.com\/sl\/pravila-in-pogoji-rezervacije\/"]}]},{"@type":"ImageObject","inLanguage":"sl-SI","@id":"https:\/\/www.viva-rooms.com\/sl\/pravila-in-pogoji-rezervacije\/#primaryimage","url":"https:\/\/www.viva-rooms.com\/wp-content\/uploads\/sites\/7\/2023\/02\/WEB-VIVA_ROOMS-HOME-HERO_DESKTOP-01.jpg","contentUrl":"https:\/\/www.viva-rooms.com\/wp-content\/uploads\/sites\/7\/2023\/02\/WEB-VIVA_ROOMS-HOME-HERO_DESKTOP-01.jpg","width":2000,"height":1000},{"@type":"BreadcrumbList","@id":"https:\/\/www.viva-rooms.com\/sl\/pravila-in-pogoji-rezervacije\/#breadcrumb","itemListElement":[{"@type":"ListItem","position":1,"name":"Home","item":"https:\/\/www.viva-rooms.com\/sl\/home\/"},{"@type":"ListItem","position":2,"name":"Pravila in pogoji rezervacije"}]},{"@type":"WebSite","@id":"https:\/\/www.viva-rooms.com\/#website","url":"https:\/\/www.viva-rooms.com\/","name":"Viva Rooms","description":"Viva Rooms","publisher":{"@id":"https:\/\/www.viva-rooms.com\/#organization"},"potentialAction":[{"@type":"SearchAction","target":{"@type":"EntryPoint","urlTemplate":"https:\/\/www.viva-rooms.com\/?s={search_term_string}"},"query-input":{"@type":"PropertyValueSpecification","valueRequired":true,"valueName":"search_term_string"}}],"inLanguage":"sl-SI"},{"@type":"Organization","@id":"https:\/\/www.viva-rooms.com\/#organization","name":"Burja Hoteli","url":"https:\/\/www.viva-rooms.com\/","logo":{"@type":"ImageObject","inLanguage":"sl-SI","@id":"https:\/\/www.viva-rooms.com\/#\/schema\/logo\/image\/","url":"https:\/\/www.viva-rooms.com\/wp-content\/uploads\/sites\/7\/2021\/12\/viva_rooms_standard.svg","contentUrl":"https:\/\/www.viva-rooms.com\/wp-content\/uploads\/sites\/7\/2021\/12\/viva_rooms_standard.svg","width":1,"height":1,"caption":"Burja Hoteli"},"image":{"@id":"https:\/\/www.viva-rooms.com\/#\/schema\/logo\/image\/"}}]}},"_links":{"self":[{"href":"https:\/\/www.viva-rooms.com\/sl\/wp-json\/wp\/v2\/pages\/3409","targetHints":{"allow":["GET"]}}],"collection":[{"href":"https:\/\/www.viva-rooms.com\/sl\/wp-json\/wp\/v2\/pages"}],"about":[{"href":"https:\/\/www.viva-rooms.com\/sl\/wp-json\/wp\/v2\/types\/page"}],"author":[{"embeddable":true,"href":"https:\/\/www.viva-rooms.com\/sl\/wp-json\/wp\/v2\/users\/1"}],"replies":[{"embeddable":true,"href":"https:\/\/www.viva-rooms.com\/sl\/wp-json\/wp\/v2\/comments?post=3409"}],"version-history":[{"count":19,"href":"https:\/\/www.viva-rooms.com\/sl\/wp-json\/wp\/v2\/pages\/3409\/revisions"}],"predecessor-version":[{"id":5642,"href":"https:\/\/www.viva-rooms.com\/sl\/wp-json\/wp\/v2\/pages\/3409\/revisions\/5642"}],"wp:featuredmedia":[{"embeddable":true,"href":"https:\/\/www.viva-rooms.com\/sl\/wp-json\/wp\/v2\/media\/4536"}],"wp:attachment":[{"href":"https:\/\/www.viva-rooms.com\/sl\/wp-json\/wp\/v2\/media?parent=3409"}],"curies":[{"name":"wp","href":"https:\/\/api.w.org\/{rel}","templated":true}]}}