{"id":3405,"date":"2020-09-29T09:18:38","date_gmt":"2020-09-29T09:18:38","guid":{"rendered":"https:\/\/viva.burja.git.sprd.digital\/experiences\/"},"modified":"2025-11-10T18:52:30","modified_gmt":"2025-11-10T18:52:30","slug":"dozivetja-v-sloveniji","status":"publish","type":"page","link":"https:\/\/www.viva-rooms.com\/sl\/dozivetja-v-sloveniji\/","title":{"rendered":"Do\u017eivetja"},"content":{"rendered":"","protected":false},"excerpt":{"rendered":"<p> [&#8230;]<\/p>\n<p><a class=\"btn btn-secondary understrap-read-more-link\" href=\"https:\/\/www.viva-rooms.com\/sl\/dozivetja-v-sloveniji\/\">Preberi ve\u010d&#8230;<\/a><\/p>\n","protected":false},"author":1,"featured_media":4608,"parent":0,"menu_order":0,"comment_status":"closed","ping_status":"closed","template":"page-templates\/content-a-la-carte.php","meta":{"_acf_changed":false,"footnotes":""},"class_list":["post-3405","page","type-page","status-publish","has-post-thumbnail","hentry"],"acf":[],"yoast_head":"<!-- This site is optimized with the Yoast SEO plugin v27.1.1 - https:\/\/yoast.com\/product\/yoast-seo-wordpress\/ -->\n<title>Nepozabna do\u017eivetja v Sloveniji z Viva Rooms | Burja Hotels<\/title>\n<meta name=\"description\" content=\"Pustite, da vas popeljemo na edinstvena do\u017eivetja po Sloveniji. Od kulturnih do naravnih lepot, ustvarite spomine za vse \u017eivljenje z na\u0161imi izleti po meri.\" \/>\n<meta name=\"robots\" content=\"index, follow, max-snippet:-1, max-image-preview:large, max-video-preview:-1\" \/>\n<link rel=\"canonical\" href=\"https:\/\/www.viva-rooms.com\/sl\/dozivetja-v-sloveniji\/\" \/>\n<meta property=\"og:locale\" content=\"sl_SI\" \/>\n<meta property=\"og:type\" content=\"article\" \/>\n<meta property=\"og:title\" content=\"Do\u017eivetja v Sloveniji z Viva Rooms | Burja Hotels\" \/>\n<meta property=\"og:description\" content=\"Odkrijte na\u0161o zeleno de\u017eelo v lastnem ritmu z na\u0161imi izleti po meri in za\u010dnite zbirati neverjetna do\u017eivetja v Sloveniji.\" \/>\n<meta property=\"og:url\" content=\"https:\/\/www.viva-rooms.com\/sl\/dozivetja-v-sloveniji\/\" \/>\n<meta property=\"og:site_name\" content=\"Viva Rooms\" \/>\n<meta property=\"article:modified_time\" content=\"2025-11-10T18:52:30+00:00\" \/>\n<meta property=\"og:image\" content=\"https:\/\/www.viva-rooms.com\/wp-content\/uploads\/sites\/7\/2023\/02\/WEB-VIVA_ROOMS-EXPERIENCES-HERO_DESKTOP-01.jpg\" \/>\n\t<meta property=\"og:image:width\" content=\"1000\" \/>\n\t<meta property=\"og:image:height\" content=\"500\" \/>\n\t<meta property=\"og:image:type\" content=\"image\/jpeg\" \/>\n<meta name=\"twitter:card\" content=\"summary_large_image\" \/>\n<meta name=\"twitter:title\" content=\"Do\u017eivetja v Sloveniji z Viva Rooms | Burja Hotels\" \/>\n<meta name=\"twitter:description\" content=\"Odkrijte na\u0161o zeleno de\u017eelo v lastnem ritmu z na\u0161imi izleti po meri in za\u010dnite zbirati neverjetna do\u017eivetja v Sloveniji.\" \/>\n<meta name=\"twitter:image\" content=\"https:\/\/www.viva-rooms.com\/wp-content\/uploads\/sites\/7\/2023\/02\/WEB-VIVA_ROOMS-EXPERIENCES-HERO_DESKTOP-01.jpg\" \/>\n<meta name=\"twitter:label1\" content=\"Est. reading time\" \/>\n\t<meta name=\"twitter:data1\" content=\"1 minuta\" \/>\n<script type=\"application\/ld+json\" class=\"yoast-schema-graph\">{\"@context\":\"https:\/\/schema.org\",\"@graph\":[{\"@type\":\"WebPage\",\"@id\":\"https:\/\/www.viva-rooms.com\/sl\/dozivetja-v-sloveniji\/\",\"url\":\"https:\/\/www.viva-rooms.com\/sl\/dozivetja-v-sloveniji\/\",\"name\":\"Nepozabna do\u017eivetja v Sloveniji z Viva Rooms | Burja Hotels\",\"isPartOf\":{\"@id\":\"https:\/\/www.viva-rooms.com\/#website\"},\"primaryImageOfPage\":{\"@id\":\"https:\/\/www.viva-rooms.com\/sl\/dozivetja-v-sloveniji\/#primaryimage\"},\"image\":{\"@id\":\"https:\/\/www.viva-rooms.com\/sl\/dozivetja-v-sloveniji\/#primaryimage\"},\"thumbnailUrl\":\"https:\/\/www.viva-rooms.com\/wp-content\/uploads\/sites\/7\/2023\/02\/WEB-VIVA_ROOMS-EXPERIENCES-HERO_DESKTOP-01.jpg\",\"datePublished\":\"2020-09-29T09:18:38+00:00\",\"dateModified\":\"2025-11-10T18:52:30+00:00\",\"description\":\"Pustite, da vas popeljemo na edinstvena do\u017eivetja po Sloveniji. Od kulturnih do naravnih lepot, ustvarite spomine za vse \u017eivljenje z na\u0161imi izleti po meri.\",\"breadcrumb\":{\"@id\":\"https:\/\/www.viva-rooms.com\/sl\/dozivetja-v-sloveniji\/#breadcrumb\"},\"inLanguage\":\"sl-SI\",\"potentialAction\":[{\"@type\":\"ReadAction\",\"target\":[\"https:\/\/www.viva-rooms.com\/sl\/dozivetja-v-sloveniji\/\"]}]},{\"@type\":\"ImageObject\",\"inLanguage\":\"sl-SI\",\"@id\":\"https:\/\/www.viva-rooms.com\/sl\/dozivetja-v-sloveniji\/#primaryimage\",\"url\":\"https:\/\/www.viva-rooms.com\/wp-content\/uploads\/sites\/7\/2023\/02\/WEB-VIVA_ROOMS-EXPERIENCES-HERO_DESKTOP-01.jpg\",\"contentUrl\":\"https:\/\/www.viva-rooms.com\/wp-content\/uploads\/sites\/7\/2023\/02\/WEB-VIVA_ROOMS-EXPERIENCES-HERO_DESKTOP-01.jpg\",\"width\":1000,\"height\":500},{\"@type\":\"BreadcrumbList\",\"@id\":\"https:\/\/www.viva-rooms.com\/sl\/dozivetja-v-sloveniji\/#breadcrumb\",\"itemListElement\":[{\"@type\":\"ListItem\",\"position\":1,\"name\":\"Home\",\"item\":\"https:\/\/www.viva-rooms.com\/sl\/home\/\"},{\"@type\":\"ListItem\",\"position\":2,\"name\":\"Do\u017eivetja\"}]},{\"@type\":\"WebSite\",\"@id\":\"https:\/\/www.viva-rooms.com\/#website\",\"url\":\"https:\/\/www.viva-rooms.com\/\",\"name\":\"Viva Rooms\",\"description\":\"Viva Rooms\",\"publisher\":{\"@id\":\"https:\/\/www.viva-rooms.com\/#organization\"},\"potentialAction\":[{\"@type\":\"SearchAction\",\"target\":{\"@type\":\"EntryPoint\",\"urlTemplate\":\"https:\/\/www.viva-rooms.com\/?s={search_term_string}\"},\"query-input\":{\"@type\":\"PropertyValueSpecification\",\"valueRequired\":true,\"valueName\":\"search_term_string\"}}],\"inLanguage\":\"sl-SI\"},{\"@type\":\"Organization\",\"@id\":\"https:\/\/www.viva-rooms.com\/#organization\",\"name\":\"Burja Hoteli\",\"url\":\"https:\/\/www.viva-rooms.com\/\",\"logo\":{\"@type\":\"ImageObject\",\"inLanguage\":\"sl-SI\",\"@id\":\"https:\/\/www.viva-rooms.com\/#\/schema\/logo\/image\/\",\"url\":\"https:\/\/www.viva-rooms.com\/wp-content\/uploads\/sites\/7\/2021\/12\/viva_rooms_standard.svg\",\"contentUrl\":\"https:\/\/www.viva-rooms.com\/wp-content\/uploads\/sites\/7\/2021\/12\/viva_rooms_standard.svg\",\"width\":1,\"height\":1,\"caption\":\"Burja Hoteli\"},\"image\":{\"@id\":\"https:\/\/www.viva-rooms.com\/#\/schema\/logo\/image\/\"}}]}<\/script>\n<!-- \/ Yoast SEO plugin. -->","yoast_head_json":{"title":"Nepozabna do\u017eivetja v Sloveniji z Viva Rooms | Burja Hotels","description":"Pustite, da vas popeljemo na edinstvena do\u017eivetja po Sloveniji. Od kulturnih do naravnih lepot, ustvarite spomine za vse \u017eivljenje z na\u0161imi izleti po meri.","robots":{"index":"index","follow":"follow","max-snippet":"max-snippet:-1","max-image-preview":"max-image-preview:large","max-video-preview":"max-video-preview:-1"},"canonical":"https:\/\/www.viva-rooms.com\/sl\/dozivetja-v-sloveniji\/","og_locale":"sl_SI","og_type":"article","og_title":"Do\u017eivetja v Sloveniji z Viva Rooms | Burja Hotels","og_description":"Odkrijte na\u0161o zeleno de\u017eelo v lastnem ritmu z na\u0161imi izleti po meri in za\u010dnite zbirati neverjetna do\u017eivetja v Sloveniji.","og_url":"https:\/\/www.viva-rooms.com\/sl\/dozivetja-v-sloveniji\/","og_site_name":"Viva Rooms","article_modified_time":"2025-11-10T18:52:30+00:00","og_image":[{"width":1000,"height":500,"url":"https:\/\/www.viva-rooms.com\/wp-content\/uploads\/sites\/7\/2023\/02\/WEB-VIVA_ROOMS-EXPERIENCES-HERO_DESKTOP-01.jpg","type":"image\/jpeg"}],"twitter_card":"summary_large_image","twitter_title":"Do\u017eivetja v Sloveniji z Viva Rooms | Burja Hotels","twitter_description":"Odkrijte na\u0161o zeleno de\u017eelo v lastnem ritmu z na\u0161imi izleti po meri in za\u010dnite zbirati neverjetna do\u017eivetja v Sloveniji.","twitter_image":"https:\/\/www.viva-rooms.com\/wp-content\/uploads\/sites\/7\/2023\/02\/WEB-VIVA_ROOMS-EXPERIENCES-HERO_DESKTOP-01.jpg","twitter_misc":{"Est. reading time":"1 minuta"},"schema":{"@context":"https:\/\/schema.org","@graph":[{"@type":"WebPage","@id":"https:\/\/www.viva-rooms.com\/sl\/dozivetja-v-sloveniji\/","url":"https:\/\/www.viva-rooms.com\/sl\/dozivetja-v-sloveniji\/","name":"Nepozabna do\u017eivetja v Sloveniji z Viva Rooms | Burja Hotels","isPartOf":{"@id":"https:\/\/www.viva-rooms.com\/#website"},"primaryImageOfPage":{"@id":"https:\/\/www.viva-rooms.com\/sl\/dozivetja-v-sloveniji\/#primaryimage"},"image":{"@id":"https:\/\/www.viva-rooms.com\/sl\/dozivetja-v-sloveniji\/#primaryimage"},"thumbnailUrl":"https:\/\/www.viva-rooms.com\/wp-content\/uploads\/sites\/7\/2023\/02\/WEB-VIVA_ROOMS-EXPERIENCES-HERO_DESKTOP-01.jpg","datePublished":"2020-09-29T09:18:38+00:00","dateModified":"2025-11-10T18:52:30+00:00","description":"Pustite, da vas popeljemo na edinstvena do\u017eivetja po Sloveniji. Od kulturnih do naravnih lepot, ustvarite spomine za vse \u017eivljenje z na\u0161imi izleti po meri.","breadcrumb":{"@id":"https:\/\/www.viva-rooms.com\/sl\/dozivetja-v-sloveniji\/#breadcrumb"},"inLanguage":"sl-SI","potentialAction":[{"@type":"ReadAction","target":["https:\/\/www.viva-rooms.com\/sl\/dozivetja-v-sloveniji\/"]}]},{"@type":"ImageObject","inLanguage":"sl-SI","@id":"https:\/\/www.viva-rooms.com\/sl\/dozivetja-v-sloveniji\/#primaryimage","url":"https:\/\/www.viva-rooms.com\/wp-content\/uploads\/sites\/7\/2023\/02\/WEB-VIVA_ROOMS-EXPERIENCES-HERO_DESKTOP-01.jpg","contentUrl":"https:\/\/www.viva-rooms.com\/wp-content\/uploads\/sites\/7\/2023\/02\/WEB-VIVA_ROOMS-EXPERIENCES-HERO_DESKTOP-01.jpg","width":1000,"height":500},{"@type":"BreadcrumbList","@id":"https:\/\/www.viva-rooms.com\/sl\/dozivetja-v-sloveniji\/#breadcrumb","itemListElement":[{"@type":"ListItem","position":1,"name":"Home","item":"https:\/\/www.viva-rooms.com\/sl\/home\/"},{"@type":"ListItem","position":2,"name":"Do\u017eivetja"}]},{"@type":"WebSite","@id":"https:\/\/www.viva-rooms.com\/#website","url":"https:\/\/www.viva-rooms.com\/","name":"Viva Rooms","description":"Viva Rooms","publisher":{"@id":"https:\/\/www.viva-rooms.com\/#organization"},"potentialAction":[{"@type":"SearchAction","target":{"@type":"EntryPoint","urlTemplate":"https:\/\/www.viva-rooms.com\/?s={search_term_string}"},"query-input":{"@type":"PropertyValueSpecification","valueRequired":true,"valueName":"search_term_string"}}],"inLanguage":"sl-SI"},{"@type":"Organization","@id":"https:\/\/www.viva-rooms.com\/#organization","name":"Burja Hoteli","url":"https:\/\/www.viva-rooms.com\/","logo":{"@type":"ImageObject","inLanguage":"sl-SI","@id":"https:\/\/www.viva-rooms.com\/#\/schema\/logo\/image\/","url":"https:\/\/www.viva-rooms.com\/wp-content\/uploads\/sites\/7\/2021\/12\/viva_rooms_standard.svg","contentUrl":"https:\/\/www.viva-rooms.com\/wp-content\/uploads\/sites\/7\/2021\/12\/viva_rooms_standard.svg","width":1,"height":1,"caption":"Burja Hoteli"},"image":{"@id":"https:\/\/www.viva-rooms.com\/#\/schema\/logo\/image\/"}}]}},"_links":{"self":[{"href":"https:\/\/www.viva-rooms.com\/sl\/wp-json\/wp\/v2\/pages\/3405","targetHints":{"allow":["GET"]}}],"collection":[{"href":"https:\/\/www.viva-rooms.com\/sl\/wp-json\/wp\/v2\/pages"}],"about":[{"href":"https:\/\/www.viva-rooms.com\/sl\/wp-json\/wp\/v2\/types\/page"}],"author":[{"embeddable":true,"href":"https:\/\/www.viva-rooms.com\/sl\/wp-json\/wp\/v2\/users\/1"}],"replies":[{"embeddable":true,"href":"https:\/\/www.viva-rooms.com\/sl\/wp-json\/wp\/v2\/comments?post=3405"}],"version-history":[{"count":10,"href":"https:\/\/www.viva-rooms.com\/sl\/wp-json\/wp\/v2\/pages\/3405\/revisions"}],"predecessor-version":[{"id":5529,"href":"https:\/\/www.viva-rooms.com\/sl\/wp-json\/wp\/v2\/pages\/3405\/revisions\/5529"}],"wp:featuredmedia":[{"embeddable":true,"href":"https:\/\/www.viva-rooms.com\/sl\/wp-json\/wp\/v2\/media\/4608"}],"wp:attachment":[{"href":"https:\/\/www.viva-rooms.com\/sl\/wp-json\/wp\/v2\/media?parent=3405"}],"curies":[{"name":"wp","href":"https:\/\/api.w.org\/{rel}","templated":true}]}}