{"id":3031,"date":"2020-09-29T09:12:53","date_gmt":"2020-09-29T09:12:53","guid":{"rendered":"https:\/\/viva.burja.git.sprd.digital\/accommodations\/"},"modified":"2025-11-10T18:30:04","modified_gmt":"2025-11-10T18:30:04","slug":"sobe","status":"publish","type":"page","link":"https:\/\/www.viva-rooms.com\/sl\/sobe\/","title":{"rendered":"Sobe"},"content":{"rendered":"","protected":false},"excerpt":{"rendered":"<p> [&#8230;]<\/p>\n<p><a class=\"btn btn-secondary understrap-read-more-link\" href=\"https:\/\/www.viva-rooms.com\/sl\/sobe\/\">Preberi ve\u010d&#8230;<\/a><\/p>\n","protected":false},"author":1,"featured_media":4547,"parent":0,"menu_order":0,"comment_status":"closed","ping_status":"closed","template":"page-templates\/content-accomodations.php","meta":{"_acf_changed":false,"footnotes":""},"class_list":["post-3031","page","type-page","status-publish","has-post-thumbnail","hentry"],"acf":[],"yoast_head":"<!-- This site is optimized with the Yoast SEO plugin v27.1.1 - https:\/\/yoast.com\/product\/yoast-seo-wordpress\/ -->\n<title>Viva Rooms: Sobe v sredi\u0161\u010du Ljubljane | Burja Hotels<\/title>\n<meta name=\"description\" content=\"S svojo odli\u010dno lokacijo in sodobnimi interjerji je Viva Rooms idealno izhodi\u0161\u010de za urbane pustolovce, ki si \u017eelijo odpo\u010diti po celem dnevu raziskovanja.\" \/>\n<meta name=\"robots\" content=\"index, follow, max-snippet:-1, max-image-preview:large, max-video-preview:-1\" \/>\n<link rel=\"canonical\" href=\"https:\/\/www.viva-rooms.com\/sl\/sobe\/\" \/>\n<meta property=\"og:locale\" content=\"sl_SI\" \/>\n<meta property=\"og:type\" content=\"article\" \/>\n<meta property=\"og:title\" content=\"Sobe v sredi\u0161\u010du Ljubljane | Viva Rooms | Burja Hotels\" \/>\n<meta property=\"og:description\" content=\"Viva Rooms ponujajo svetle in prostorne sobe, ki so popolna izbira za po\u010ditek po do\u017eivetem dnevu raziskovanja Ljubljane.\" \/>\n<meta property=\"og:url\" content=\"https:\/\/www.viva-rooms.com\/sl\/sobe\/\" \/>\n<meta property=\"og:site_name\" content=\"Viva Rooms\" \/>\n<meta property=\"article:modified_time\" content=\"2025-11-10T18:30:04+00:00\" \/>\n<meta property=\"og:image\" content=\"https:\/\/www.viva-rooms.com\/wp-content\/uploads\/sites\/7\/2023\/02\/WEB-VIVA_ROOMS-ACCOMMODATION-HERO_DESKTOP-01.jpg\" \/>\n\t<meta property=\"og:image:width\" content=\"2000\" \/>\n\t<meta property=\"og:image:height\" content=\"1000\" \/>\n\t<meta property=\"og:image:type\" content=\"image\/jpeg\" \/>\n<meta name=\"twitter:card\" content=\"summary_large_image\" \/>\n<meta name=\"twitter:title\" content=\"Sobe v sredi\u0161\u010du Ljubljane | Viva Rooms | Burja Hotels\" \/>\n<meta name=\"twitter:description\" content=\"Viva Rooms ponujajo svetle in prostorne sobe, ki so popolna izbira za po\u010ditek po do\u017eivetem dnevu raziskovanja Ljubljane.\" \/>\n<meta name=\"twitter:image\" content=\"https:\/\/www.viva-rooms.com\/wp-content\/uploads\/sites\/7\/2023\/02\/WEB-VIVA_ROOMS-ACCOMMODATION-HERO_DESKTOP-01.jpg\" \/>\n<meta name=\"twitter:label1\" content=\"Est. reading time\" \/>\n\t<meta name=\"twitter:data1\" content=\"1 minuta\" \/>\n<script type=\"application\/ld+json\" class=\"yoast-schema-graph\">{\"@context\":\"https:\/\/schema.org\",\"@graph\":[{\"@type\":\"WebPage\",\"@id\":\"https:\/\/www.viva-rooms.com\/sl\/sobe\/\",\"url\":\"https:\/\/www.viva-rooms.com\/sl\/sobe\/\",\"name\":\"Viva Rooms: Sobe v sredi\u0161\u010du Ljubljane | Burja Hotels\",\"isPartOf\":{\"@id\":\"https:\/\/www.viva-rooms.com\/#website\"},\"primaryImageOfPage\":{\"@id\":\"https:\/\/www.viva-rooms.com\/sl\/sobe\/#primaryimage\"},\"image\":{\"@id\":\"https:\/\/www.viva-rooms.com\/sl\/sobe\/#primaryimage\"},\"thumbnailUrl\":\"https:\/\/www.viva-rooms.com\/wp-content\/uploads\/sites\/7\/2023\/02\/WEB-VIVA_ROOMS-ACCOMMODATION-HERO_DESKTOP-01.jpg\",\"datePublished\":\"2020-09-29T09:12:53+00:00\",\"dateModified\":\"2025-11-10T18:30:04+00:00\",\"description\":\"S svojo odli\u010dno lokacijo in sodobnimi interjerji je Viva Rooms idealno izhodi\u0161\u010de za urbane pustolovce, ki si \u017eelijo odpo\u010diti po celem dnevu raziskovanja.\",\"breadcrumb\":{\"@id\":\"https:\/\/www.viva-rooms.com\/sl\/sobe\/#breadcrumb\"},\"inLanguage\":\"sl-SI\",\"potentialAction\":[{\"@type\":\"ReadAction\",\"target\":[\"https:\/\/www.viva-rooms.com\/sl\/sobe\/\"]}]},{\"@type\":\"ImageObject\",\"inLanguage\":\"sl-SI\",\"@id\":\"https:\/\/www.viva-rooms.com\/sl\/sobe\/#primaryimage\",\"url\":\"https:\/\/www.viva-rooms.com\/wp-content\/uploads\/sites\/7\/2023\/02\/WEB-VIVA_ROOMS-ACCOMMODATION-HERO_DESKTOP-01.jpg\",\"contentUrl\":\"https:\/\/www.viva-rooms.com\/wp-content\/uploads\/sites\/7\/2023\/02\/WEB-VIVA_ROOMS-ACCOMMODATION-HERO_DESKTOP-01.jpg\",\"width\":2000,\"height\":1000},{\"@type\":\"BreadcrumbList\",\"@id\":\"https:\/\/www.viva-rooms.com\/sl\/sobe\/#breadcrumb\",\"itemListElement\":[{\"@type\":\"ListItem\",\"position\":1,\"name\":\"Home\",\"item\":\"https:\/\/www.viva-rooms.com\/sl\/home\/\"},{\"@type\":\"ListItem\",\"position\":2,\"name\":\"Sobe\"}]},{\"@type\":\"WebSite\",\"@id\":\"https:\/\/www.viva-rooms.com\/#website\",\"url\":\"https:\/\/www.viva-rooms.com\/\",\"name\":\"Viva Rooms\",\"description\":\"Viva Rooms\",\"publisher\":{\"@id\":\"https:\/\/www.viva-rooms.com\/#organization\"},\"potentialAction\":[{\"@type\":\"SearchAction\",\"target\":{\"@type\":\"EntryPoint\",\"urlTemplate\":\"https:\/\/www.viva-rooms.com\/?s={search_term_string}\"},\"query-input\":{\"@type\":\"PropertyValueSpecification\",\"valueRequired\":true,\"valueName\":\"search_term_string\"}}],\"inLanguage\":\"sl-SI\"},{\"@type\":\"Organization\",\"@id\":\"https:\/\/www.viva-rooms.com\/#organization\",\"name\":\"Burja Hoteli\",\"url\":\"https:\/\/www.viva-rooms.com\/\",\"logo\":{\"@type\":\"ImageObject\",\"inLanguage\":\"sl-SI\",\"@id\":\"https:\/\/www.viva-rooms.com\/#\/schema\/logo\/image\/\",\"url\":\"https:\/\/www.viva-rooms.com\/wp-content\/uploads\/sites\/7\/2021\/12\/viva_rooms_standard.svg\",\"contentUrl\":\"https:\/\/www.viva-rooms.com\/wp-content\/uploads\/sites\/7\/2021\/12\/viva_rooms_standard.svg\",\"width\":1,\"height\":1,\"caption\":\"Burja Hoteli\"},\"image\":{\"@id\":\"https:\/\/www.viva-rooms.com\/#\/schema\/logo\/image\/\"}}]}<\/script>\n<!-- \/ Yoast SEO plugin. -->","yoast_head_json":{"title":"Viva Rooms: Sobe v sredi\u0161\u010du Ljubljane | Burja Hotels","description":"S svojo odli\u010dno lokacijo in sodobnimi interjerji je Viva Rooms idealno izhodi\u0161\u010de za urbane pustolovce, ki si \u017eelijo odpo\u010diti po celem dnevu raziskovanja.","robots":{"index":"index","follow":"follow","max-snippet":"max-snippet:-1","max-image-preview":"max-image-preview:large","max-video-preview":"max-video-preview:-1"},"canonical":"https:\/\/www.viva-rooms.com\/sl\/sobe\/","og_locale":"sl_SI","og_type":"article","og_title":"Sobe v sredi\u0161\u010du Ljubljane | Viva Rooms | Burja Hotels","og_description":"Viva Rooms ponujajo svetle in prostorne sobe, ki so popolna izbira za po\u010ditek po do\u017eivetem dnevu raziskovanja Ljubljane.","og_url":"https:\/\/www.viva-rooms.com\/sl\/sobe\/","og_site_name":"Viva Rooms","article_modified_time":"2025-11-10T18:30:04+00:00","og_image":[{"width":2000,"height":1000,"url":"https:\/\/www.viva-rooms.com\/wp-content\/uploads\/sites\/7\/2023\/02\/WEB-VIVA_ROOMS-ACCOMMODATION-HERO_DESKTOP-01.jpg","type":"image\/jpeg"}],"twitter_card":"summary_large_image","twitter_title":"Sobe v sredi\u0161\u010du Ljubljane | Viva Rooms | Burja Hotels","twitter_description":"Viva Rooms ponujajo svetle in prostorne sobe, ki so popolna izbira za po\u010ditek po do\u017eivetem dnevu raziskovanja Ljubljane.","twitter_image":"https:\/\/www.viva-rooms.com\/wp-content\/uploads\/sites\/7\/2023\/02\/WEB-VIVA_ROOMS-ACCOMMODATION-HERO_DESKTOP-01.jpg","twitter_misc":{"Est. reading time":"1 minuta"},"schema":{"@context":"https:\/\/schema.org","@graph":[{"@type":"WebPage","@id":"https:\/\/www.viva-rooms.com\/sl\/sobe\/","url":"https:\/\/www.viva-rooms.com\/sl\/sobe\/","name":"Viva Rooms: Sobe v sredi\u0161\u010du Ljubljane | Burja Hotels","isPartOf":{"@id":"https:\/\/www.viva-rooms.com\/#website"},"primaryImageOfPage":{"@id":"https:\/\/www.viva-rooms.com\/sl\/sobe\/#primaryimage"},"image":{"@id":"https:\/\/www.viva-rooms.com\/sl\/sobe\/#primaryimage"},"thumbnailUrl":"https:\/\/www.viva-rooms.com\/wp-content\/uploads\/sites\/7\/2023\/02\/WEB-VIVA_ROOMS-ACCOMMODATION-HERO_DESKTOP-01.jpg","datePublished":"2020-09-29T09:12:53+00:00","dateModified":"2025-11-10T18:30:04+00:00","description":"S svojo odli\u010dno lokacijo in sodobnimi interjerji je Viva Rooms idealno izhodi\u0161\u010de za urbane pustolovce, ki si \u017eelijo odpo\u010diti po celem dnevu raziskovanja.","breadcrumb":{"@id":"https:\/\/www.viva-rooms.com\/sl\/sobe\/#breadcrumb"},"inLanguage":"sl-SI","potentialAction":[{"@type":"ReadAction","target":["https:\/\/www.viva-rooms.com\/sl\/sobe\/"]}]},{"@type":"ImageObject","inLanguage":"sl-SI","@id":"https:\/\/www.viva-rooms.com\/sl\/sobe\/#primaryimage","url":"https:\/\/www.viva-rooms.com\/wp-content\/uploads\/sites\/7\/2023\/02\/WEB-VIVA_ROOMS-ACCOMMODATION-HERO_DESKTOP-01.jpg","contentUrl":"https:\/\/www.viva-rooms.com\/wp-content\/uploads\/sites\/7\/2023\/02\/WEB-VIVA_ROOMS-ACCOMMODATION-HERO_DESKTOP-01.jpg","width":2000,"height":1000},{"@type":"BreadcrumbList","@id":"https:\/\/www.viva-rooms.com\/sl\/sobe\/#breadcrumb","itemListElement":[{"@type":"ListItem","position":1,"name":"Home","item":"https:\/\/www.viva-rooms.com\/sl\/home\/"},{"@type":"ListItem","position":2,"name":"Sobe"}]},{"@type":"WebSite","@id":"https:\/\/www.viva-rooms.com\/#website","url":"https:\/\/www.viva-rooms.com\/","name":"Viva Rooms","description":"Viva Rooms","publisher":{"@id":"https:\/\/www.viva-rooms.com\/#organization"},"potentialAction":[{"@type":"SearchAction","target":{"@type":"EntryPoint","urlTemplate":"https:\/\/www.viva-rooms.com\/?s={search_term_string}"},"query-input":{"@type":"PropertyValueSpecification","valueRequired":true,"valueName":"search_term_string"}}],"inLanguage":"sl-SI"},{"@type":"Organization","@id":"https:\/\/www.viva-rooms.com\/#organization","name":"Burja Hoteli","url":"https:\/\/www.viva-rooms.com\/","logo":{"@type":"ImageObject","inLanguage":"sl-SI","@id":"https:\/\/www.viva-rooms.com\/#\/schema\/logo\/image\/","url":"https:\/\/www.viva-rooms.com\/wp-content\/uploads\/sites\/7\/2021\/12\/viva_rooms_standard.svg","contentUrl":"https:\/\/www.viva-rooms.com\/wp-content\/uploads\/sites\/7\/2021\/12\/viva_rooms_standard.svg","width":1,"height":1,"caption":"Burja Hoteli"},"image":{"@id":"https:\/\/www.viva-rooms.com\/#\/schema\/logo\/image\/"}}]}},"_links":{"self":[{"href":"https:\/\/www.viva-rooms.com\/sl\/wp-json\/wp\/v2\/pages\/3031","targetHints":{"allow":["GET"]}}],"collection":[{"href":"https:\/\/www.viva-rooms.com\/sl\/wp-json\/wp\/v2\/pages"}],"about":[{"href":"https:\/\/www.viva-rooms.com\/sl\/wp-json\/wp\/v2\/types\/page"}],"author":[{"embeddable":true,"href":"https:\/\/www.viva-rooms.com\/sl\/wp-json\/wp\/v2\/users\/1"}],"replies":[{"embeddable":true,"href":"https:\/\/www.viva-rooms.com\/sl\/wp-json\/wp\/v2\/comments?post=3031"}],"version-history":[{"count":17,"href":"https:\/\/www.viva-rooms.com\/sl\/wp-json\/wp\/v2\/pages\/3031\/revisions"}],"predecessor-version":[{"id":5513,"href":"https:\/\/www.viva-rooms.com\/sl\/wp-json\/wp\/v2\/pages\/3031\/revisions\/5513"}],"wp:featuredmedia":[{"embeddable":true,"href":"https:\/\/www.viva-rooms.com\/sl\/wp-json\/wp\/v2\/media\/4547"}],"wp:attachment":[{"href":"https:\/\/www.viva-rooms.com\/sl\/wp-json\/wp\/v2\/media?parent=3031"}],"curies":[{"name":"wp","href":"https:\/\/api.w.org\/{rel}","templated":true}]}}