{"id":3030,"date":"2020-09-29T09:10:42","date_gmt":"2020-09-29T09:10:42","guid":{"rendered":"https:\/\/viva.burja.git.sprd.digital\/about-us\/"},"modified":"2025-11-10T19:40:35","modified_gmt":"2025-11-10T19:40:35","slug":"nasa-zgodba","status":"publish","type":"page","link":"https:\/\/www.viva-rooms.com\/sl\/nasa-zgodba\/","title":{"rendered":"Na\u0161a zgodba"},"content":{"rendered":"","protected":false},"excerpt":{"rendered":"<p> [&#8230;]<\/p>\n<p><a class=\"btn btn-secondary understrap-read-more-link\" href=\"https:\/\/www.viva-rooms.com\/sl\/nasa-zgodba\/\">Preberi ve\u010d&#8230;<\/a><\/p>\n","protected":false},"author":1,"featured_media":4624,"parent":0,"menu_order":0,"comment_status":"closed","ping_status":"closed","template":"page-templates\/content-about.php","meta":{"_acf_changed":false,"footnotes":""},"class_list":["post-3030","page","type-page","status-publish","has-post-thumbnail","hentry"],"acf":[],"yoast_head":"<!-- This site is optimized with the Yoast SEO plugin v27.1.1 - https:\/\/yoast.com\/product\/yoast-seo-wordpress\/ -->\n<title>Viva Rooms v Ljubljani \u2013 Na\u0161a zgodba o gostoljubju | Burja Hotels<\/title>\n<meta name=\"description\" content=\"Odkrijte, kako se je za\u010dela zgodba Viva Rooms. Na\u0161 cilj je bil ustvariti udobno, cenovno ugodno bivanje, kjer se vsak gost po\u010duti kot doma.\" \/>\n<meta name=\"robots\" content=\"index, follow, max-snippet:-1, max-image-preview:large, max-video-preview:-1\" \/>\n<link rel=\"canonical\" href=\"https:\/\/www.viva-rooms.com\/sl\/nasa-zgodba\/\" \/>\n<meta property=\"og:locale\" content=\"sl_SI\" \/>\n<meta property=\"og:type\" content=\"article\" \/>\n<meta property=\"og:title\" content=\"Viva Rooms | Burja Hotels: Na\u0161a zgodba strasti in sanj\" \/>\n<meta property=\"og:description\" content=\"Kdo smo? Multikulturna dru\u017eina in popotni\u0161ki navdu\u0161enci, \u010digar strast do odkrivanja novih krajev nas je pribli\u017eala turizmu.\" \/>\n<meta property=\"og:url\" content=\"https:\/\/www.viva-rooms.com\/sl\/nasa-zgodba\/\" \/>\n<meta property=\"og:site_name\" content=\"Viva Rooms\" \/>\n<meta property=\"article:modified_time\" content=\"2025-11-10T19:40:35+00:00\" \/>\n<meta property=\"og:image\" content=\"https:\/\/www.viva-rooms.com\/wp-content\/uploads\/sites\/7\/2023\/02\/WEB-VIVA_ROOMS-OUR_STORY-main_cover.jpg\" \/>\n\t<meta property=\"og:image:width\" content=\"1024\" \/>\n\t<meta property=\"og:image:height\" content=\"680\" \/>\n\t<meta property=\"og:image:type\" content=\"image\/jpeg\" \/>\n<meta name=\"twitter:card\" content=\"summary_large_image\" \/>\n<meta name=\"twitter:title\" content=\"Viva Rooms | Burja Hotels: Na\u0161a zgodba strasti in sanj\" \/>\n<meta name=\"twitter:description\" content=\"Kdo smo? Multikulturna dru\u017eina in popotni\u0161ki navdu\u0161enci, \u010digar strast do odkrivanja novih krajev nas je pribli\u017eala turizmu.\" \/>\n<meta name=\"twitter:image\" content=\"https:\/\/www.viva-rooms.com\/wp-content\/uploads\/sites\/7\/2023\/02\/WEB-VIVA_ROOMS-OUR_STORY-main_cover.jpg\" \/>\n<meta name=\"twitter:label1\" content=\"Est. reading time\" \/>\n\t<meta name=\"twitter:data1\" content=\"1 minuta\" \/>\n<script type=\"application\/ld+json\" class=\"yoast-schema-graph\">{\"@context\":\"https:\/\/schema.org\",\"@graph\":[{\"@type\":\"WebPage\",\"@id\":\"https:\/\/www.viva-rooms.com\/sl\/nasa-zgodba\/\",\"url\":\"https:\/\/www.viva-rooms.com\/sl\/nasa-zgodba\/\",\"name\":\"Viva Rooms v Ljubljani \u2013 Na\u0161a zgodba o gostoljubju | Burja Hotels\",\"isPartOf\":{\"@id\":\"https:\/\/www.viva-rooms.com\/#website\"},\"primaryImageOfPage\":{\"@id\":\"https:\/\/www.viva-rooms.com\/sl\/nasa-zgodba\/#primaryimage\"},\"image\":{\"@id\":\"https:\/\/www.viva-rooms.com\/sl\/nasa-zgodba\/#primaryimage\"},\"thumbnailUrl\":\"https:\/\/www.viva-rooms.com\/wp-content\/uploads\/sites\/7\/2023\/02\/WEB-VIVA_ROOMS-OUR_STORY-main_cover.jpg\",\"datePublished\":\"2020-09-29T09:10:42+00:00\",\"dateModified\":\"2025-11-10T19:40:35+00:00\",\"description\":\"Odkrijte, kako se je za\u010dela zgodba Viva Rooms. Na\u0161 cilj je bil ustvariti udobno, cenovno ugodno bivanje, kjer se vsak gost po\u010duti kot doma.\",\"breadcrumb\":{\"@id\":\"https:\/\/www.viva-rooms.com\/sl\/nasa-zgodba\/#breadcrumb\"},\"inLanguage\":\"sl-SI\",\"potentialAction\":[{\"@type\":\"ReadAction\",\"target\":[\"https:\/\/www.viva-rooms.com\/sl\/nasa-zgodba\/\"]}]},{\"@type\":\"ImageObject\",\"inLanguage\":\"sl-SI\",\"@id\":\"https:\/\/www.viva-rooms.com\/sl\/nasa-zgodba\/#primaryimage\",\"url\":\"https:\/\/www.viva-rooms.com\/wp-content\/uploads\/sites\/7\/2023\/02\/WEB-VIVA_ROOMS-OUR_STORY-main_cover.jpg\",\"contentUrl\":\"https:\/\/www.viva-rooms.com\/wp-content\/uploads\/sites\/7\/2023\/02\/WEB-VIVA_ROOMS-OUR_STORY-main_cover.jpg\",\"width\":1024,\"height\":680},{\"@type\":\"BreadcrumbList\",\"@id\":\"https:\/\/www.viva-rooms.com\/sl\/nasa-zgodba\/#breadcrumb\",\"itemListElement\":[{\"@type\":\"ListItem\",\"position\":1,\"name\":\"Home\",\"item\":\"https:\/\/www.viva-rooms.com\/sl\/home\/\"},{\"@type\":\"ListItem\",\"position\":2,\"name\":\"Na\u0161a zgodba\"}]},{\"@type\":\"WebSite\",\"@id\":\"https:\/\/www.viva-rooms.com\/#website\",\"url\":\"https:\/\/www.viva-rooms.com\/\",\"name\":\"Viva Rooms\",\"description\":\"Viva Rooms\",\"publisher\":{\"@id\":\"https:\/\/www.viva-rooms.com\/#organization\"},\"potentialAction\":[{\"@type\":\"SearchAction\",\"target\":{\"@type\":\"EntryPoint\",\"urlTemplate\":\"https:\/\/www.viva-rooms.com\/?s={search_term_string}\"},\"query-input\":{\"@type\":\"PropertyValueSpecification\",\"valueRequired\":true,\"valueName\":\"search_term_string\"}}],\"inLanguage\":\"sl-SI\"},{\"@type\":\"Organization\",\"@id\":\"https:\/\/www.viva-rooms.com\/#organization\",\"name\":\"Burja Hoteli\",\"url\":\"https:\/\/www.viva-rooms.com\/\",\"logo\":{\"@type\":\"ImageObject\",\"inLanguage\":\"sl-SI\",\"@id\":\"https:\/\/www.viva-rooms.com\/#\/schema\/logo\/image\/\",\"url\":\"https:\/\/www.viva-rooms.com\/wp-content\/uploads\/sites\/7\/2021\/12\/viva_rooms_standard.svg\",\"contentUrl\":\"https:\/\/www.viva-rooms.com\/wp-content\/uploads\/sites\/7\/2021\/12\/viva_rooms_standard.svg\",\"width\":1,\"height\":1,\"caption\":\"Burja Hoteli\"},\"image\":{\"@id\":\"https:\/\/www.viva-rooms.com\/#\/schema\/logo\/image\/\"}}]}<\/script>\n<!-- \/ Yoast SEO plugin. -->","yoast_head_json":{"title":"Viva Rooms v Ljubljani \u2013 Na\u0161a zgodba o gostoljubju | Burja Hotels","description":"Odkrijte, kako se je za\u010dela zgodba Viva Rooms. Na\u0161 cilj je bil ustvariti udobno, cenovno ugodno bivanje, kjer se vsak gost po\u010duti kot doma.","robots":{"index":"index","follow":"follow","max-snippet":"max-snippet:-1","max-image-preview":"max-image-preview:large","max-video-preview":"max-video-preview:-1"},"canonical":"https:\/\/www.viva-rooms.com\/sl\/nasa-zgodba\/","og_locale":"sl_SI","og_type":"article","og_title":"Viva Rooms | Burja Hotels: Na\u0161a zgodba strasti in sanj","og_description":"Kdo smo? Multikulturna dru\u017eina in popotni\u0161ki navdu\u0161enci, \u010digar strast do odkrivanja novih krajev nas je pribli\u017eala turizmu.","og_url":"https:\/\/www.viva-rooms.com\/sl\/nasa-zgodba\/","og_site_name":"Viva Rooms","article_modified_time":"2025-11-10T19:40:35+00:00","og_image":[{"width":1024,"height":680,"url":"https:\/\/www.viva-rooms.com\/wp-content\/uploads\/sites\/7\/2023\/02\/WEB-VIVA_ROOMS-OUR_STORY-main_cover.jpg","type":"image\/jpeg"}],"twitter_card":"summary_large_image","twitter_title":"Viva Rooms | Burja Hotels: Na\u0161a zgodba strasti in sanj","twitter_description":"Kdo smo? Multikulturna dru\u017eina in popotni\u0161ki navdu\u0161enci, \u010digar strast do odkrivanja novih krajev nas je pribli\u017eala turizmu.","twitter_image":"https:\/\/www.viva-rooms.com\/wp-content\/uploads\/sites\/7\/2023\/02\/WEB-VIVA_ROOMS-OUR_STORY-main_cover.jpg","twitter_misc":{"Est. reading time":"1 minuta"},"schema":{"@context":"https:\/\/schema.org","@graph":[{"@type":"WebPage","@id":"https:\/\/www.viva-rooms.com\/sl\/nasa-zgodba\/","url":"https:\/\/www.viva-rooms.com\/sl\/nasa-zgodba\/","name":"Viva Rooms v Ljubljani \u2013 Na\u0161a zgodba o gostoljubju | Burja Hotels","isPartOf":{"@id":"https:\/\/www.viva-rooms.com\/#website"},"primaryImageOfPage":{"@id":"https:\/\/www.viva-rooms.com\/sl\/nasa-zgodba\/#primaryimage"},"image":{"@id":"https:\/\/www.viva-rooms.com\/sl\/nasa-zgodba\/#primaryimage"},"thumbnailUrl":"https:\/\/www.viva-rooms.com\/wp-content\/uploads\/sites\/7\/2023\/02\/WEB-VIVA_ROOMS-OUR_STORY-main_cover.jpg","datePublished":"2020-09-29T09:10:42+00:00","dateModified":"2025-11-10T19:40:35+00:00","description":"Odkrijte, kako se je za\u010dela zgodba Viva Rooms. Na\u0161 cilj je bil ustvariti udobno, cenovno ugodno bivanje, kjer se vsak gost po\u010duti kot doma.","breadcrumb":{"@id":"https:\/\/www.viva-rooms.com\/sl\/nasa-zgodba\/#breadcrumb"},"inLanguage":"sl-SI","potentialAction":[{"@type":"ReadAction","target":["https:\/\/www.viva-rooms.com\/sl\/nasa-zgodba\/"]}]},{"@type":"ImageObject","inLanguage":"sl-SI","@id":"https:\/\/www.viva-rooms.com\/sl\/nasa-zgodba\/#primaryimage","url":"https:\/\/www.viva-rooms.com\/wp-content\/uploads\/sites\/7\/2023\/02\/WEB-VIVA_ROOMS-OUR_STORY-main_cover.jpg","contentUrl":"https:\/\/www.viva-rooms.com\/wp-content\/uploads\/sites\/7\/2023\/02\/WEB-VIVA_ROOMS-OUR_STORY-main_cover.jpg","width":1024,"height":680},{"@type":"BreadcrumbList","@id":"https:\/\/www.viva-rooms.com\/sl\/nasa-zgodba\/#breadcrumb","itemListElement":[{"@type":"ListItem","position":1,"name":"Home","item":"https:\/\/www.viva-rooms.com\/sl\/home\/"},{"@type":"ListItem","position":2,"name":"Na\u0161a zgodba"}]},{"@type":"WebSite","@id":"https:\/\/www.viva-rooms.com\/#website","url":"https:\/\/www.viva-rooms.com\/","name":"Viva Rooms","description":"Viva Rooms","publisher":{"@id":"https:\/\/www.viva-rooms.com\/#organization"},"potentialAction":[{"@type":"SearchAction","target":{"@type":"EntryPoint","urlTemplate":"https:\/\/www.viva-rooms.com\/?s={search_term_string}"},"query-input":{"@type":"PropertyValueSpecification","valueRequired":true,"valueName":"search_term_string"}}],"inLanguage":"sl-SI"},{"@type":"Organization","@id":"https:\/\/www.viva-rooms.com\/#organization","name":"Burja Hoteli","url":"https:\/\/www.viva-rooms.com\/","logo":{"@type":"ImageObject","inLanguage":"sl-SI","@id":"https:\/\/www.viva-rooms.com\/#\/schema\/logo\/image\/","url":"https:\/\/www.viva-rooms.com\/wp-content\/uploads\/sites\/7\/2021\/12\/viva_rooms_standard.svg","contentUrl":"https:\/\/www.viva-rooms.com\/wp-content\/uploads\/sites\/7\/2021\/12\/viva_rooms_standard.svg","width":1,"height":1,"caption":"Burja Hoteli"},"image":{"@id":"https:\/\/www.viva-rooms.com\/#\/schema\/logo\/image\/"}}]}},"_links":{"self":[{"href":"https:\/\/www.viva-rooms.com\/sl\/wp-json\/wp\/v2\/pages\/3030","targetHints":{"allow":["GET"]}}],"collection":[{"href":"https:\/\/www.viva-rooms.com\/sl\/wp-json\/wp\/v2\/pages"}],"about":[{"href":"https:\/\/www.viva-rooms.com\/sl\/wp-json\/wp\/v2\/types\/page"}],"author":[{"embeddable":true,"href":"https:\/\/www.viva-rooms.com\/sl\/wp-json\/wp\/v2\/users\/1"}],"replies":[{"embeddable":true,"href":"https:\/\/www.viva-rooms.com\/sl\/wp-json\/wp\/v2\/comments?post=3030"}],"version-history":[{"count":15,"href":"https:\/\/www.viva-rooms.com\/sl\/wp-json\/wp\/v2\/pages\/3030\/revisions"}],"predecessor-version":[{"id":5538,"href":"https:\/\/www.viva-rooms.com\/sl\/wp-json\/wp\/v2\/pages\/3030\/revisions\/5538"}],"wp:featuredmedia":[{"embeddable":true,"href":"https:\/\/www.viva-rooms.com\/sl\/wp-json\/wp\/v2\/media\/4624"}],"wp:attachment":[{"href":"https:\/\/www.viva-rooms.com\/sl\/wp-json\/wp\/v2\/media?parent=3030"}],"curies":[{"name":"wp","href":"https:\/\/api.w.org\/{rel}","templated":true}]}}